{"id":362,"date":"2017-07-12T07:26:08","date_gmt":"2017-07-12T07:26:08","guid":{"rendered":"http:\/\/demo.zozothemes.com\/gosolar\/?page_id=362"},"modified":"2023-06-17T09:43:37","modified_gmt":"2023-06-17T07:43:37","slug":"les-missions","status":"publish","type":"page","link":"https:\/\/avec-conseils.com\/index.php\/les-missions\/","title":{"rendered":"Les missions"},"content":{"rendered":"<p>[vc_row css=\u00a0\u00bb.vc_custom_1454649261086{padding-top: 0px !important;padding-bottom: 0px !important;}\u00a0\u00bb][vc_column][vc_separator color=\u00a0\u00bbcustom\u00a0\u00bb style=\u00a0\u00bbdashed\u00a0\u00bb accent_color=\u00a0\u00bb#e1e1e1&Prime;][\/vc_column][\/vc_row][vc_row css=\u00a0\u00bb.vc_custom_1454649261086{padding-top: 0px !important;padding-bottom: 0px !important;}\u00a0\u00bb][vc_column][vc_separator color=\u00a0\u00bbcustom\u00a0\u00bb style=\u00a0\u00bbdashed\u00a0\u00bb accent_color=\u00a0\u00bb#e1e1e1&Prime;][\/vc_column][\/vc_row][vc_row bg_style=\u00a0\u00bbbg-normal\u00a0\u00bb center_row=\u00a0\u00bbyes\u00a0\u00bb typo_style=\u00a0\u00bblight\u00a0\u00bb css=\u00a0\u00bb.vc_custom_1497510752108{padding-top: 0px !important;padding-bottom: 0px !important;}\u00a0\u00bb el_class=\u00a0\u00bbadditional-call-to-action\u00a0\u00bb][vc_column][vc_row_inner css=\u00a0\u00bb.vc_custom_1497510599686{padding-top: 25px !important;padding-bottom: 20px !important;}\u00a0\u00bb][vc_column_inner offset=\u00a0\u00bbvc_col-lg-9 vc_col-md-12&Prime;]<div class=\"zozo-vc-custom-css\" data-css=\"#feature-box-1 .grid-item .grid-box-inner .grid-icon { border-color:#ffffff; color:#ffffff; }\n\"><\/div><div class=\"zozo-feature-box feature-box-style style-default-box style-sep-yes vc_custom_1686987769571 clearfix\" id=\"feature-box-1\"><div class=\"grid-item\"><div class=\"grid-box-inner grid-text-left grid-box-medium grid-box-icon-circle grid-icon-shape grid-shape-none\"><div class=\"grid-icon-wrapper no-hover shape-icon-circle\"><i class=\"fa fa-phone grid-icon zozo-icon icon-shape icon-circle icon-skin-default icon-bordered pattern-1 icon-medium\"><\/i><\/div><div class=\"grid-content-wrapper\"><h5 class=\"grid-title margin-bottom-15\" >Vous avez des questions ?<\/h5><div class=\"grid-desc\" style=\"color:#ffffff;\"><p>Il vous reste des questions concernant les services que je propose et le type de missions que je r\u00e9alise ? N&rsquo;h\u00e9sitez pas \u00e0 <a href=\"https:\/\/avec-conseils.com\/index.php\/contact-us\/\" rel=\"noopener\" target=\"_blank\">me contacter<\/a> et j&rsquo;y r\u00e9pondrais directement.<\/p>\n<\/div><\/div><\/div><\/div><\/div>[\/vc_column_inner][vc_column_inner css=\u00a0\u00bb.vc_custom_1501052537360{padding-top: 9px !important;}\u00a0\u00bb offset=\u00a0\u00bbvc_col-lg-3 vc_col-md-12&Prime;][vc_btn title=\u00a0\u00bbMe contacter\u00a0\u00bb shape=\u00a0\u00bbsquare\u00a0\u00bb color=\u00a0\u00bbwhite\u00a0\u00bb align=\u00a0\u00bbright\u00a0\u00bb css_animation=\u00a0\u00bbnone\u00a0\u00bb link=\u00a0\u00bburl:http%3A%2F%2Fdemo.zozothemes.com%2Fgosolar%2Fcontact-us%2F|||\u00a0\u00bb el_class=\u00a0\u00bbadditional-btn\u00a0\u00bb][\/vc_column_inner][\/vc_row_inner][\/vc_column][\/vc_row]<\/p>\n","protected":false},"excerpt":{"rendered":"<p>[vc_row css=\u00a0\u00bb.vc_custom_1454649261086{padding-top: 0px !important;padding-bottom: 0px !important;}\u00a0\u00bb][vc_column][vc_separator color=\u00a0\u00bbcustom\u00a0\u00bb style=\u00a0\u00bbdashed\u00a0\u00bb accent_color=\u00a0\u00bb#e1e1e1&Prime;][\/vc_column][\/vc_row][vc_row css=\u00a0\u00bb.vc_custom_1454649261086{padding-top: 0px !important;padding-bottom: 0px !important;}\u00a0\u00bb][vc_column][vc_separator color=\u00a0\u00bbcustom\u00a0\u00bb style=\u00a0\u00bbdashed\u00a0\u00bb accent_color=\u00a0\u00bb#e1e1e1&Prime;][\/vc_column][\/vc_row][vc_row bg_style=\u00a0\u00bbbg-normal\u00a0\u00bb center_row=\u00a0\u00bbyes\u00a0\u00bb typo_style=\u00a0\u00bblight\u00a0\u00bb css=\u00a0\u00bb.vc_custom_1497510752108{padding-top: 0px !important;padding-bottom: 0px !important;}\u00a0\u00bb el_class=\u00a0\u00bbadditional-call-to-action\u00a0\u00bb][vc_column][vc_row_inner css=\u00a0\u00bb.vc_custom_1497510599686{padding-top: 25px !important;padding-bottom: 20px !important;}\u00a0\u00bb][vc_column_inner offset=\u00a0\u00bbvc_col-lg-9 vc_col-md-12&Prime;][\/vc_column_inner][vc_column_inner css=\u00a0\u00bb.vc_custom_1501052537360{padding-top: 9px !important;}\u00a0\u00bb offset=\u00a0\u00bbvc_col-lg-3 vc_col-md-12&Prime;][vc_btn title=\u00a0\u00bbMe contacter\u00a0\u00bb shape=\u00a0\u00bbsquare\u00a0\u00bb color=\u00a0\u00bbwhite\u00a0\u00bb align=\u00a0\u00bbright\u00a0\u00bb css_animation=\u00a0\u00bbnone\u00a0\u00bb link=\u00a0\u00bburl:http%3A%2F%2Fdemo.zozothemes.com%2Fgosolar%2Fcontact-us%2F|||\u00a0\u00bb el_class=\u00a0\u00bbadditional-btn\u00a0\u00bb][\/vc_column_inner][\/vc_row_inner][\/vc_column][\/vc_row]<\/p>\n","protected":false},"author":1,"featured_media":0,"parent":0,"menu_order":0,"comment_status":"closed","ping_status":"closed","template":"template-fullwidth.php","meta":{"_monsterinsights_skip_tracking":false,"_monsterinsights_sitenote_active":false,"_monsterinsights_sitenote_note":"","_monsterinsights_sitenote_category":0,"footnotes":""},"class_list":["post-362","page","type-page","status-publish","hentry"],"yoast_head":"<!-- This site is optimized with the Yoast SEO plugin v25.6 - https:\/\/yoast.com\/wordpress\/plugins\/seo\/ -->\n<title>Les missions - WordPress<\/title>\n<meta name=\"robots\" content=\"index, follow, max-snippet:-1, max-image-preview:large, max-video-preview:-1\" \/>\n<link rel=\"canonical\" href=\"https:\/\/avec-conseils.com\/index.php\/les-missions\/\" \/>\n<meta property=\"og:locale\" content=\"fr_FR\" \/>\n<meta property=\"og:type\" content=\"article\" \/>\n<meta property=\"og:title\" content=\"Les missions - WordPress\" \/>\n<meta property=\"og:description\" content=\"[vc_row css=\u00a0\u00bb.vc_custom_1454649261086{padding-top: 0px !important;padding-bottom: 0px !important;}\u00a0\u00bb][vc_column][vc_separator color=\u00a0\u00bbcustom\u00a0\u00bb style=\u00a0\u00bbdashed\u00a0\u00bb accent_color=\u00a0\u00bb#e1e1e1&Prime;][\/vc_column][\/vc_row][vc_row css=\u00a0\u00bb.vc_custom_1454649261086{padding-top: 0px !important;padding-bottom: 0px !important;}\u00a0\u00bb][vc_column][vc_separator color=\u00a0\u00bbcustom\u00a0\u00bb style=\u00a0\u00bbdashed\u00a0\u00bb accent_color=\u00a0\u00bb#e1e1e1&Prime;][\/vc_column][\/vc_row][vc_row bg_style=\u00a0\u00bbbg-normal\u00a0\u00bb center_row=\u00a0\u00bbyes\u00a0\u00bb typo_style=\u00a0\u00bblight\u00a0\u00bb css=\u00a0\u00bb.vc_custom_1497510752108{padding-top: 0px !important;padding-bottom: 0px !important;}\u00a0\u00bb el_class=\u00a0\u00bbadditional-call-to-action\u00a0\u00bb][vc_column][vc_row_inner css=\u00a0\u00bb.vc_custom_1497510599686{padding-top: 25px !important;padding-bottom: 20px !important;}\u00a0\u00bb][vc_column_inner offset=\u00a0\u00bbvc_col-lg-9 vc_col-md-12&Prime;][\/vc_column_inner][vc_column_inner css=\u00a0\u00bb.vc_custom_1501052537360{padding-top: 9px !important;}\u00a0\u00bb offset=\u00a0\u00bbvc_col-lg-3 vc_col-md-12&Prime;][vc_btn title=\u00a0\u00bbMe contacter\u00a0\u00bb shape=\u00a0\u00bbsquare\u00a0\u00bb color=\u00a0\u00bbwhite\u00a0\u00bb align=\u00a0\u00bbright\u00a0\u00bb css_animation=\u00a0\u00bbnone\u00a0\u00bb link=\u00a0\u00bburl:http%3A%2F%2Fdemo.zozothemes.com%2Fgosolar%2Fcontact-us%2F|||\u00a0\u00bb el_class=\u00a0\u00bbadditional-btn\u00a0\u00bb][\/vc_column_inner][\/vc_row_inner][\/vc_column][\/vc_row]\" \/>\n<meta property=\"og:url\" content=\"https:\/\/avec-conseils.com\/index.php\/les-missions\/\" \/>\n<meta property=\"og:site_name\" content=\"WordPress\" \/>\n<meta property=\"article:modified_time\" content=\"2023-06-17T07:43:37+00:00\" \/>\n<meta name=\"twitter:card\" content=\"summary_large_image\" \/>\n<meta name=\"twitter:label1\" content=\"Dur\u00e9e de lecture estim\u00e9e\" \/>\n\t<meta name=\"twitter:data1\" content=\"1 minute\" \/>\n<script type=\"application\/ld+json\" class=\"yoast-schema-graph\">{\"@context\":\"https:\/\/schema.org\",\"@graph\":[{\"@type\":\"WebPage\",\"@id\":\"https:\/\/avec-conseils.com\/index.php\/les-missions\/\",\"url\":\"https:\/\/avec-conseils.com\/index.php\/les-missions\/\",\"name\":\"Les missions - WordPress\",\"isPartOf\":{\"@id\":\"https:\/\/avec-conseils.com\/#website\"},\"datePublished\":\"2017-07-12T07:26:08+00:00\",\"dateModified\":\"2023-06-17T07:43:37+00:00\",\"inLanguage\":\"fr-FR\",\"potentialAction\":[{\"@type\":\"ReadAction\",\"target\":[\"https:\/\/avec-conseils.com\/index.php\/les-missions\/\"]}]},{\"@type\":\"WebSite\",\"@id\":\"https:\/\/avec-conseils.com\/#website\",\"url\":\"https:\/\/avec-conseils.com\/\",\"name\":\"WordPress\",\"description\":\"Un site utilisant WordPress\",\"potentialAction\":[{\"@type\":\"SearchAction\",\"target\":{\"@type\":\"EntryPoint\",\"urlTemplate\":\"https:\/\/avec-conseils.com\/?s={search_term_string}\"},\"query-input\":{\"@type\":\"PropertyValueSpecification\",\"valueRequired\":true,\"valueName\":\"search_term_string\"}}],\"inLanguage\":\"fr-FR\"}]}<\/script>\n<!-- \/ Yoast SEO plugin. -->","yoast_head_json":{"title":"Les missions - WordPress","robots":{"index":"index","follow":"follow","max-snippet":"max-snippet:-1","max-image-preview":"max-image-preview:large","max-video-preview":"max-video-preview:-1"},"canonical":"https:\/\/avec-conseils.com\/index.php\/les-missions\/","og_locale":"fr_FR","og_type":"article","og_title":"Les missions - WordPress","og_description":"[vc_row css=\u00a0\u00bb.vc_custom_1454649261086{padding-top: 0px !important;padding-bottom: 0px !important;}\u00a0\u00bb][vc_column][vc_separator color=\u00a0\u00bbcustom\u00a0\u00bb style=\u00a0\u00bbdashed\u00a0\u00bb accent_color=\u00a0\u00bb#e1e1e1&Prime;][\/vc_column][\/vc_row][vc_row css=\u00a0\u00bb.vc_custom_1454649261086{padding-top: 0px !important;padding-bottom: 0px !important;}\u00a0\u00bb][vc_column][vc_separator color=\u00a0\u00bbcustom\u00a0\u00bb style=\u00a0\u00bbdashed\u00a0\u00bb accent_color=\u00a0\u00bb#e1e1e1&Prime;][\/vc_column][\/vc_row][vc_row bg_style=\u00a0\u00bbbg-normal\u00a0\u00bb center_row=\u00a0\u00bbyes\u00a0\u00bb typo_style=\u00a0\u00bblight\u00a0\u00bb css=\u00a0\u00bb.vc_custom_1497510752108{padding-top: 0px !important;padding-bottom: 0px !important;}\u00a0\u00bb el_class=\u00a0\u00bbadditional-call-to-action\u00a0\u00bb][vc_column][vc_row_inner css=\u00a0\u00bb.vc_custom_1497510599686{padding-top: 25px !important;padding-bottom: 20px !important;}\u00a0\u00bb][vc_column_inner offset=\u00a0\u00bbvc_col-lg-9 vc_col-md-12&Prime;][\/vc_column_inner][vc_column_inner css=\u00a0\u00bb.vc_custom_1501052537360{padding-top: 9px !important;}\u00a0\u00bb offset=\u00a0\u00bbvc_col-lg-3 vc_col-md-12&Prime;][vc_btn title=\u00a0\u00bbMe contacter\u00a0\u00bb shape=\u00a0\u00bbsquare\u00a0\u00bb color=\u00a0\u00bbwhite\u00a0\u00bb align=\u00a0\u00bbright\u00a0\u00bb css_animation=\u00a0\u00bbnone\u00a0\u00bb link=\u00a0\u00bburl:http%3A%2F%2Fdemo.zozothemes.com%2Fgosolar%2Fcontact-us%2F|||\u00a0\u00bb el_class=\u00a0\u00bbadditional-btn\u00a0\u00bb][\/vc_column_inner][\/vc_row_inner][\/vc_column][\/vc_row]","og_url":"https:\/\/avec-conseils.com\/index.php\/les-missions\/","og_site_name":"WordPress","article_modified_time":"2023-06-17T07:43:37+00:00","twitter_card":"summary_large_image","twitter_misc":{"Dur\u00e9e de lecture estim\u00e9e":"1 minute"},"schema":{"@context":"https:\/\/schema.org","@graph":[{"@type":"WebPage","@id":"https:\/\/avec-conseils.com\/index.php\/les-missions\/","url":"https:\/\/avec-conseils.com\/index.php\/les-missions\/","name":"Les missions - WordPress","isPartOf":{"@id":"https:\/\/avec-conseils.com\/#website"},"datePublished":"2017-07-12T07:26:08+00:00","dateModified":"2023-06-17T07:43:37+00:00","inLanguage":"fr-FR","potentialAction":[{"@type":"ReadAction","target":["https:\/\/avec-conseils.com\/index.php\/les-missions\/"]}]},{"@type":"WebSite","@id":"https:\/\/avec-conseils.com\/#website","url":"https:\/\/avec-conseils.com\/","name":"WordPress","description":"Un site utilisant WordPress","potentialAction":[{"@type":"SearchAction","target":{"@type":"EntryPoint","urlTemplate":"https:\/\/avec-conseils.com\/?s={search_term_string}"},"query-input":{"@type":"PropertyValueSpecification","valueRequired":true,"valueName":"search_term_string"}}],"inLanguage":"fr-FR"}]}},"jetpack_sharing_enabled":true,"_links":{"self":[{"href":"https:\/\/avec-conseils.com\/index.php\/wp-json\/wp\/v2\/pages\/362"}],"collection":[{"href":"https:\/\/avec-conseils.com\/index.php\/wp-json\/wp\/v2\/pages"}],"about":[{"href":"https:\/\/avec-conseils.com\/index.php\/wp-json\/wp\/v2\/types\/page"}],"author":[{"embeddable":true,"href":"https:\/\/avec-conseils.com\/index.php\/wp-json\/wp\/v2\/users\/1"}],"replies":[{"embeddable":true,"href":"https:\/\/avec-conseils.com\/index.php\/wp-json\/wp\/v2\/comments?post=362"}],"version-history":[{"count":5,"href":"https:\/\/avec-conseils.com\/index.php\/wp-json\/wp\/v2\/pages\/362\/revisions"}],"predecessor-version":[{"id":1818,"href":"https:\/\/avec-conseils.com\/index.php\/wp-json\/wp\/v2\/pages\/362\/revisions\/1818"}],"wp:attachment":[{"href":"https:\/\/avec-conseils.com\/index.php\/wp-json\/wp\/v2\/media?parent=362"}],"curies":[{"name":"wp","href":"https:\/\/api.w.org\/{rel}","templated":true}]}}